{"id":4587,"date":"2024-08-15T21:12:12","date_gmt":"2024-08-16T03:12:12","guid":{"rendered":"https:\/\/ekrmexico.org\/?page_id=4587"},"modified":"2024-08-15T21:57:03","modified_gmt":"2024-08-16T03:57:03","slug":"formulario","status":"publish","type":"page","link":"https:\/\/ekrmexico.org\/en\/formulario\/","title":{"rendered":"Formulario"},"content":{"rendered":"<div data-elementor-type=\"wp-page\" data-elementor-id=\"4587\" class=\"elementor elementor-4587\" data-elementor-post-type=\"page\">\n\t\t\t\t\t\t<section class=\"elementor-section elementor-top-section elementor-element elementor-element-e31d96b elementor-section-boxed elementor-section-height-default elementor-section-height-default\" data-id=\"e31d96b\" data-element_type=\"section\" data-settings=\"{&quot;jet_parallax_layout_list&quot;:[],&quot;background_background&quot;:&quot;classic&quot;}\">\n\t\t\t\t\t\t<div class=\"elementor-container elementor-column-gap-default\">\n\t\t\t\t\t<div class=\"elementor-column elementor-col-100 elementor-top-column elementor-element elementor-element-0d63a25\" data-id=\"0d63a25\" data-element_type=\"column\">\n\t\t\t<div class=\"elementor-widget-wrap elementor-element-populated\">\n\t\t\t\t\t\t<div class=\"elementor-element elementor-element-3757b1b elementor-widget elementor-widget-heading\" data-id=\"3757b1b\" data-element_type=\"widget\" data-widget_type=\"heading.default\">\n\t\t\t\t<div class=\"elementor-widget-container\">\n\t\t\t\t\t<h2 class=\"elementor-heading-title elementor-size-default\">Compassionate Accompaniment Application Form<\/h2>\t\t\t\t<\/div>\n\t\t\t\t<\/div>\n\t\t\t\t\t<\/div>\n\t\t<\/div>\n\t\t\t\t\t<\/div>\n\t\t<\/section>\n\t\t\t\t<section class=\"elementor-section elementor-top-section elementor-element elementor-element-a599ff9 elementor-section-boxed elementor-section-height-default elementor-section-height-default\" data-id=\"a599ff9\" data-element_type=\"section\" data-settings=\"{&quot;jet_parallax_layout_list&quot;:[]}\">\n\t\t\t\t\t\t<div class=\"elementor-container elementor-column-gap-default\">\n\t\t\t\t\t<div class=\"elementor-column elementor-col-100 elementor-top-column elementor-element elementor-element-ede2d42\" data-id=\"ede2d42\" data-element_type=\"column\">\n\t\t\t<div class=\"elementor-widget-wrap elementor-element-populated\">\n\t\t\t\t\t\t<div class=\"elementor-element elementor-element-9230c9e elementor-widget elementor-widget-formidable\" data-id=\"9230c9e\" data-element_type=\"widget\" data-widget_type=\"formidable.default\">\n\t\t\t\t<div class=\"elementor-widget-container\">\n\t\t\t\t\t<div class=\"frm_forms  with_frm_style frm_style_formidable-style\" id=\"frm_form_2_container\" data-token=\"4dbb8e407ac0699693282450a3db2bcc\">\n<form enctype=\"multipart\/form-data\" method=\"post\" class=\"frm-show-form  frm_pro_form\" id=\"form_formulario-de-solicitud-de-acompanamiento-compasivo\" data-token=\"4dbb8e407ac0699693282450a3db2bcc\" action=\"\">\n<div class=\"frm_form_fields  frm_page_num_1\">\n<fieldset>\n<legend class=\"frm_screen_reader\">Compassionate Accompaniment Application Form<\/legend>\r\n\r\n<div class=\"frm_fields_container\">\n<div class=\"frm_rootline_group\" role=\"group\" tabindex=\"0\" aria-label=\"Page 1 of 4\" ><ul class=\"frm_page_bar frm_rootline_4 frm_progress frm_progress_line frm_no_numbers frm_show_lines frm_show_titles\"><li class=\"frm_rootline_single frm_current_page\"><span class=\"frm_rootline_title\">Type of accompaniment<\/span><input type=\"button\" value=\"1\" data-page=\"\" class=\"frm_page_1\" aria-disabled=\"true\" data-field=\"0\" aria-label=\"Type of accompaniment\"  \/><\/li><li class=\"frm_rootline_single\"><span class=\"frm_rootline_title\">Personal information<\/span><input type=\"button\" value=\"2\" data-page=\"4\" class=\"frm_page_skip frm_page_2\" data-field=\"8\" aria-label=\"Personal information\"  \/><\/li><li class=\"frm_rootline_single\"><span class=\"frm_rootline_title\">More information<\/span><input type=\"button\" value=\"3\" data-page=\"30\" class=\"frm_page_skip frm_page_3\" data-field=\"28\" aria-label=\"More information\"  \/><\/li><li class=\"frm_rootline_single\"><span class=\"frm_rootline_title\">Additional comments<\/span><input type=\"button\" value=\"4\" data-page=\"93\" class=\"frm_page_skip frm_page_4\" data-field=\"66\" aria-label=\"Additional comments\"  \/><\/li><\/ul><div class=\"frm_clearfix\"><\/div><\/div><input type=\"hidden\" name=\"frm_action\" value=\"create\" \/>\n<input type=\"hidden\" name=\"form_id\" value=\"2\" \/>\n<input type=\"hidden\" name=\"frm_hide_fields_2\" id=\"frm_hide_fields_2\" value=\"\" \/>\n<input type=\"hidden\" name=\"form_key\" value=\"formulario-de-solicitud-de-acompanamiento-compasivo\" \/>\n<input type=\"hidden\" name=\"item_meta[0]\" value=\"\" \/>\n<input type=\"hidden\" id=\"frm_submit_entry_2\" name=\"frm_submit_entry_2\" value=\"b4902000a1\" \/><input type=\"hidden\" name=\"_wp_http_referer\" value=\"\/en\/wp-json\/wp\/v2\/pages\/4587\" \/><div id=\"frm_field_7_container\" class=\"frm_form_field form-field  frm_top_container\">\r\n\t<label for=\"field_25qeg\" id=\"field_25qeg_label\" class=\"frm_primary_label\">Please select the type of accompaniment you need and fill in only the fields corresponding to your selection.\r\n\t\t<span class=\"frm_required\" aria-hidden=\"true\"><\/span>\r\n\t<\/label>\r\n\t\t\t<select name=\"item_meta[7]\" id=\"field_25qeg\"  data-placeholder=\"Seleccione el tipo de acompa\u00f1amiento\"  data-frmval=\"Seleccione el tipo de acompa\u00f1amiento\" data-frmplaceholder=\"Seleccione el tipo de acompa\u00f1amiento\" placeholder=\"Seleccione el tipo de acompa\u00f1amiento\" data-invmsg=\"Por favor, selecciona el tipo de acompa\u00f1amiento que necesitas y completa \u00fanicamente los campos correspondientes a tu selecci\u00f3n. is invalid\" aria-invalid=\"false\"  >\n\t\t<option  class=\"frm-select-placeholder\" value=\"\" data-placeholder=\"true\">Select the type of accompaniment:<\/option><option  value=\"Para quien se encuentra al final de su vida\">For those who are at the end of their lives<\/option><option  value=\"Para familiares y seres queridos que acompa\u00f1an a una persona al final de su vida\">For family members and loved ones who accompany a person at the end of their life<\/option><option  value=\"Para quien ha perdido a un ser querido y necesita apoyo en el duelo\">For those who have lost a loved one and need support in their grieving<\/option>\t<\/select>\n\t\r\n\t\r\n\t\r\n<\/div>\n<input type=\"hidden\" name=\"frm_page_order_2\" id=\"frm_page_order_2\" value=\"4\" \/><input type=\"hidden\" name=\"item_meta[9]\" id=\"field_gfql2\" value=\"\"     \/>\n<input type=\"hidden\" name=\"item_meta[10]\" id=\"field_z6455\" value=\"\"     \/>\n<input type=\"hidden\" name=\"item_meta[11]\" id=\"field_c6qmt\" value=\"\"     \/>\n<input type=\"hidden\" name=\"item_meta[12]\" id=\"field_o54zh\" value=\"\"     \/>\n<input type=\"hidden\" name=\"item_meta[13]\" id=\"field_dvf9t\" value=\"\"     \/>\n<input type=\"hidden\" name=\"item_meta[14]\" id=\"field_6frzm\" value=\"\" autocomplete=\"email\"    \/>\n<input type=\"hidden\" name=\"item_meta[15]\" id=\"field_tqcsm\" value=\"\"     \/>\n<input type=\"hidden\" name=\"item_meta[16]\" id=\"field_wciq6\" value=\"\"     \/>\n<input type=\"hidden\" name=\"item_meta[17]\" id=\"field_74yv5\" value=\"\"     \/>\n<input type=\"hidden\" name=\"item_meta[18]\" id=\"field_whkr8\" value=\"\" autocomplete=\"email\"    \/>\n<input type=\"hidden\" name=\"item_meta[19]\" id=\"field_959ap\" value=\"\"     \/>\n<input type=\"hidden\" name=\"item_meta[20]\" id=\"field_zm1q5\" value=\"\"     \/>\n<input type=\"hidden\" name=\"item_meta[22]\" id=\"field_k6x51\" value=\"\"     \/>\n<input type=\"hidden\" name=\"item_meta[24]\" id=\"field_xpwft\" value=\"\" autocomplete=\"email\"    \/>\n<input type=\"hidden\" name=\"item_meta[28]\" id=\"field_8vplb\" value=\"\"     \/>\n<input type=\"hidden\" name=\"item_meta[30]\" id=\"field_uo2yl\" value=\"\"     \/>\n<input type=\"hidden\" name=\"item_meta[31]\" id=\"field_jmm7j\" value=\"\"     \/>\n<input type=\"hidden\" name=\"item_meta[32]\" id=\"field_ai4pt\" value=\"\"     \/>\n<input type=\"hidden\" name=\"item_meta[33]\" id=\"field_puxz7\" value=\"\"     \/>\n<input type=\"hidden\" name=\"item_meta[34]\" id=\"field_rq7ut\" value=\"\"     \/>\n<input type=\"hidden\" name=\"item_meta[40]\" id=\"field_85ur\" value=\"\"     \/>\n<input type=\"hidden\" name=\"item_meta[41]\" id=\"field_a985j\" value=\"\"     \/>\n<input type=\"hidden\" name=\"item_meta[42]\" id=\"field_o3p4v\" value=\"\"     \/>\n<input type=\"hidden\" name=\"item_meta[44]\" id=\"field_l54zi\" value=\"\"     \/>\n<input type=\"hidden\" name=\"item_meta[45]\" id=\"field_uka39\" value=\"\"     \/>\n<input type=\"hidden\" name=\"item_meta[46]\" id=\"field_qb74p\" value=\"\"     \/>\n<input type=\"hidden\" name=\"item_meta[50]\" id=\"field_1z7ri\" value=\"\"     \/>\n<input type=\"hidden\" name=\"item_meta[51]\" id=\"field_ld7q1\" value=\"\"     \/>\n<input type=\"hidden\" name=\"item_meta[52]\" id=\"field_2ms6m\" value=\"\"     \/>\n<input type=\"hidden\" name=\"item_meta[53]\" id=\"field_umr9m\" value=\"\"     \/>\n<input type=\"hidden\" name=\"item_meta[55]\" id=\"field_i9teq\" value=\"\"     \/>\n<input type=\"hidden\" name=\"item_meta[56]\" id=\"field_hxi4z\" value=\"\"     \/>\n<input type=\"hidden\" name=\"item_meta[57]\" id=\"field_geqcq\" value=\"\"     \/>\n<input type=\"hidden\" name=\"item_meta[59]\" id=\"field_71xxg\" value=\"\"     \/>\n<input type=\"hidden\" name=\"item_meta[60]\" id=\"field_fvch2\" value=\"\"     \/>\n<input type=\"hidden\" name=\"item_meta[61]\" id=\"field_w991z\" value=\"\"     \/>\n<input type=\"hidden\" name=\"item_meta[63]\" id=\"field_xjrgb\" value=\"\"     \/>\n<input type=\"hidden\" name=\"item_meta[64]\" id=\"field_3w86c\" value=\"\"     \/>\n<input type=\"hidden\" name=\"item_meta[65]\" id=\"field_xbpzk\" value=\"\"     \/>\n<input type=\"hidden\" name=\"item_meta[66]\" id=\"field_uo7fj\" value=\"\"     \/>\n<input type=\"hidden\" name=\"item_meta[67]\" id=\"field_zfplc\" value=\"\"     \/>\n<input type=\"hidden\" name=\"item_meta[68]\" id=\"field_f52o1-0\" value=\"\"     \/>\n<input type=\"hidden\" name=\"item_meta[6]\" id=\"field_submit\" value=\"\"     \/>\n\t<input type=\"hidden\" name=\"item_key\" value=\"\" \/>\n\t\t\t\t<div class=\"frm__66bec4825a247\">\n\t\t\t\t<label for=\"frm_email_2\" >\n\t\t\t\t\tIf you are human, leave this field blank.\t\t\t\t<\/label>\n\t\t\t\t<input  id=\"frm_email_2\" type=\"text\" class=\"frm_verify\" name=\"frm__66bec4825a247\" value=\"\" autocomplete=\"off\"  \/>\n\t\t\t<\/div>\n\t\t<input name=\"frm_state\" type=\"hidden\" value=\"fIi5MQ3eiKcL3T6buhXyvpme\/UOTbREjwlAPaoyXfRo=\" \/><div class=\"frm_submit frm_flex\">\r\n<button class=\"frm_button_submit\" type=\"submit\"  >Personal information<\/button>\r\n\r\n\r\n\r\n<\/div><\/div>\n<\/fieldset>\n<\/div>\n\n<input type=\"hidden\" name=\"trp-form-language\" value=\"en\"\/><\/form>\n<\/div>\n\t\t\t\t<\/div>\n\t\t\t\t<\/div>\n\t\t\t\t\t<\/div>\n\t\t<\/div>\n\t\t\t\t\t<\/div>\n\t\t<\/section>\n\t\t\t\t<\/div>","protected":false},"excerpt":{"rendered":"<p>Formulario de solicitud de Acompa\u00f1amiento Compasivo Formulario de solicitud de Acompa\u00f1amiento Compasivo Por favor, selecciona el tipo de acompa\u00f1amiento que necesitas y completa \u00fanicamente los campos correspondientes a tu selecci\u00f3n. Seleccione el tipo de acompa\u00f1amientoPara quien se encuentra al final de su vidaPara familiares y seres queridos que acompa\u00f1an a una persona al final de [&hellip;]<\/p>","protected":false},"author":2,"featured_media":0,"parent":0,"menu_order":0,"comment_status":"closed","ping_status":"closed","template":"elementor_header_footer","meta":{"footnotes":""},"class_list":["post-4587","page","type-page","status-publish","hentry"],"acf":[],"yoast_head":"<!-- This site is optimized with the Yoast SEO Premium plugin v22.9 (Yoast SEO v26.9) - https:\/\/yoast.com\/product\/yoast-seo-premium-wordpress\/ -->\n<title>Formulario - EKR M\u00e9xico Centro<\/title>\n<meta name=\"robots\" content=\"index, follow, max-snippet:-1, max-image-preview:large, max-video-preview:-1\" \/>\n<link rel=\"canonical\" href=\"https:\/\/ekrmexico.org\/en\/formulario\/\" \/>\n<meta property=\"og:locale\" content=\"en_US\" \/>\n<meta property=\"og:type\" content=\"article\" \/>\n<meta property=\"og:title\" content=\"Formulario\" \/>\n<meta property=\"og:description\" content=\"Formulario de solicitud de Acompa\u00f1amiento Compasivo Formulario de solicitud de Acompa\u00f1amiento Compasivo Por favor, selecciona el tipo de acompa\u00f1amiento que necesitas y completa \u00fanicamente los campos correspondientes a tu selecci\u00f3n. Seleccione el tipo de acompa\u00f1amientoPara quien se encuentra al final de su vidaPara familiares y seres queridos que acompa\u00f1an a una persona al final de [&hellip;]\" \/>\n<meta property=\"og:url\" content=\"https:\/\/ekrmexico.org\/en\/formulario\/\" \/>\n<meta property=\"og:site_name\" content=\"EKR M\u00e9xico Centro\" \/>\n<meta property=\"article:modified_time\" content=\"2024-08-16T03:57:03+00:00\" \/>\n<meta name=\"twitter:card\" content=\"summary_large_image\" \/>\n<script type=\"application\/ld+json\" class=\"yoast-schema-graph\">{\"@context\":\"https:\/\/schema.org\",\"@graph\":[{\"@type\":\"WebPage\",\"@id\":\"https:\/\/ekrmexico.org\/formulario\/\",\"url\":\"https:\/\/ekrmexico.org\/formulario\/\",\"name\":\"Formulario - EKR M\u00e9xico Centro\",\"isPartOf\":{\"@id\":\"https:\/\/ekrmexico.org\/#website\"},\"datePublished\":\"2024-08-16T03:12:12+00:00\",\"dateModified\":\"2024-08-16T03:57:03+00:00\",\"breadcrumb\":{\"@id\":\"https:\/\/ekrmexico.org\/formulario\/#breadcrumb\"},\"inLanguage\":\"en-US\",\"potentialAction\":[{\"@type\":\"ReadAction\",\"target\":[\"https:\/\/ekrmexico.org\/formulario\/\"]}]},{\"@type\":\"BreadcrumbList\",\"@id\":\"https:\/\/ekrmexico.org\/formulario\/#breadcrumb\",\"itemListElement\":[{\"@type\":\"ListItem\",\"position\":1,\"name\":\"Inicio\",\"item\":\"https:\/\/ekrmexico.org\/\"},{\"@type\":\"ListItem\",\"position\":2,\"name\":\"Formulario\"}]},{\"@type\":\"WebSite\",\"@id\":\"https:\/\/ekrmexico.org\/#website\",\"url\":\"https:\/\/ekrmexico.org\/\",\"name\":\"EKR M\u00e9xico Centro\",\"description\":\"evolving our death culture\",\"potentialAction\":[{\"@type\":\"SearchAction\",\"target\":{\"@type\":\"EntryPoint\",\"urlTemplate\":\"https:\/\/ekrmexico.org\/?s={search_term_string}\"},\"query-input\":{\"@type\":\"PropertyValueSpecification\",\"valueRequired\":true,\"valueName\":\"search_term_string\"}}],\"inLanguage\":\"en-US\"}]}<\/script>\n<!-- \/ Yoast SEO Premium plugin. -->","yoast_head_json":{"title":"Formulario - EKR M\u00e9xico Centro","robots":{"index":"index","follow":"follow","max-snippet":"max-snippet:-1","max-image-preview":"max-image-preview:large","max-video-preview":"max-video-preview:-1"},"canonical":"https:\/\/ekrmexico.org\/en\/formulario\/","og_locale":"en_US","og_type":"article","og_title":"Formulario","og_description":"Formulario de solicitud de Acompa\u00f1amiento Compasivo Formulario de solicitud de Acompa\u00f1amiento Compasivo Por favor, selecciona el tipo de acompa\u00f1amiento que necesitas y completa \u00fanicamente los campos correspondientes a tu selecci\u00f3n. Seleccione el tipo de acompa\u00f1amientoPara quien se encuentra al final de su vidaPara familiares y seres queridos que acompa\u00f1an a una persona al final de [&hellip;]","og_url":"https:\/\/ekrmexico.org\/en\/formulario\/","og_site_name":"EKR M\u00e9xico Centro","article_modified_time":"2024-08-16T03:57:03+00:00","twitter_card":"summary_large_image","schema":{"@context":"https:\/\/schema.org","@graph":[{"@type":"WebPage","@id":"https:\/\/ekrmexico.org\/formulario\/","url":"https:\/\/ekrmexico.org\/formulario\/","name":"Formulario - EKR M\u00e9xico Centro","isPartOf":{"@id":"https:\/\/ekrmexico.org\/#website"},"datePublished":"2024-08-16T03:12:12+00:00","dateModified":"2024-08-16T03:57:03+00:00","breadcrumb":{"@id":"https:\/\/ekrmexico.org\/formulario\/#breadcrumb"},"inLanguage":"en-US","potentialAction":[{"@type":"ReadAction","target":["https:\/\/ekrmexico.org\/formulario\/"]}]},{"@type":"BreadcrumbList","@id":"https:\/\/ekrmexico.org\/formulario\/#breadcrumb","itemListElement":[{"@type":"ListItem","position":1,"name":"Inicio","item":"https:\/\/ekrmexico.org\/"},{"@type":"ListItem","position":2,"name":"Formulario"}]},{"@type":"WebSite","@id":"https:\/\/ekrmexico.org\/#website","url":"https:\/\/ekrmexico.org\/","name":"EKR M\u00e9xico Centro","description":"evolving our death culture","potentialAction":[{"@type":"SearchAction","target":{"@type":"EntryPoint","urlTemplate":"https:\/\/ekrmexico.org\/?s={search_term_string}"},"query-input":{"@type":"PropertyValueSpecification","valueRequired":true,"valueName":"search_term_string"}}],"inLanguage":"en-US"}]}},"_links":{"self":[{"href":"https:\/\/ekrmexico.org\/en\/wp-json\/wp\/v2\/pages\/4587","targetHints":{"allow":["GET"]}}],"collection":[{"href":"https:\/\/ekrmexico.org\/en\/wp-json\/wp\/v2\/pages"}],"about":[{"href":"https:\/\/ekrmexico.org\/en\/wp-json\/wp\/v2\/types\/page"}],"author":[{"embeddable":true,"href":"https:\/\/ekrmexico.org\/en\/wp-json\/wp\/v2\/users\/2"}],"replies":[{"embeddable":true,"href":"https:\/\/ekrmexico.org\/en\/wp-json\/wp\/v2\/comments?post=4587"}],"version-history":[{"count":6,"href":"https:\/\/ekrmexico.org\/en\/wp-json\/wp\/v2\/pages\/4587\/revisions"}],"predecessor-version":[{"id":4924,"href":"https:\/\/ekrmexico.org\/en\/wp-json\/wp\/v2\/pages\/4587\/revisions\/4924"}],"wp:attachment":[{"href":"https:\/\/ekrmexico.org\/en\/wp-json\/wp\/v2\/media?parent=4587"}],"curies":[{"name":"wp","href":"https:\/\/api.w.org\/{rel}","templated":true}]}}