{"id":4541,"date":"2024-08-15T17:16:53","date_gmt":"2024-08-15T23:16:53","guid":{"rendered":"https:\/\/ekrmexico.org\/?page_id=4541"},"modified":"2024-08-15T17:18:57","modified_gmt":"2024-08-15T23:18:57","slug":"politica-de-cookies","status":"publish","type":"page","link":"https:\/\/ekrmexico.org\/en\/politica-de-cookies\/","title":{"rendered":"Cookies Policy"},"content":{"rendered":"<div data-elementor-type=\"wp-page\" data-elementor-id=\"4541\" class=\"elementor elementor-4541\" data-elementor-post-type=\"page\">\n\t\t\t\t\t\t<section class=\"elementor-section elementor-top-section elementor-element elementor-element-a663e19 elementor-section-boxed elementor-section-height-default elementor-section-height-default\" data-id=\"a663e19\" data-element_type=\"section\" data-settings=\"{&quot;jet_parallax_layout_list&quot;:[],&quot;background_background&quot;:&quot;classic&quot;}\">\n\t\t\t\t\t\t<div class=\"elementor-container elementor-column-gap-default\">\n\t\t\t\t\t<div class=\"elementor-column elementor-col-100 elementor-top-column elementor-element elementor-element-2186335\" data-id=\"2186335\" data-element_type=\"column\">\n\t\t\t<div class=\"elementor-widget-wrap elementor-element-populated\">\n\t\t\t\t\t\t<div class=\"elementor-element elementor-element-cb67049 elementor-widget elementor-widget-heading\" data-id=\"cb67049\" data-element_type=\"widget\" data-widget_type=\"heading.default\">\n\t\t\t\t<div class=\"elementor-widget-container\">\n\t\t\t\t\t<h2 class=\"elementor-heading-title elementor-size-default\">Cookies Policy\n<\/h2>\t\t\t\t<\/div>\n\t\t\t\t<\/div>\n\t\t\t\t\t<\/div>\n\t\t<\/div>\n\t\t\t\t\t<\/div>\n\t\t<\/section>\n\t\t\t\t<section class=\"elementor-section elementor-top-section elementor-element elementor-element-51c0037 elementor-section-boxed elementor-section-height-default elementor-section-height-default\" data-id=\"51c0037\" data-element_type=\"section\" data-settings=\"{&quot;jet_parallax_layout_list&quot;:[]}\">\n\t\t\t\t\t\t<div class=\"elementor-container elementor-column-gap-default\">\n\t\t\t\t\t<div class=\"elementor-column elementor-col-100 elementor-top-column elementor-element elementor-element-c06b74b\" data-id=\"c06b74b\" data-element_type=\"column\">\n\t\t\t<div class=\"elementor-widget-wrap elementor-element-populated\">\n\t\t\t\t\t\t<div class=\"elementor-element elementor-element-87accff elementor-widget elementor-widget-text-editor\" data-id=\"87accff\" data-element_type=\"widget\" data-widget_type=\"text-editor.default\">\n\t\t\t\t<div class=\"elementor-widget-container\">\n\t\t\t\t\t\t\t\t\t<p><span style=\"font-weight: 400;\">On our website, we use cookies to improve your browsing experience and offer you a more personalized service. Below, we explain what cookies are, what types of cookies we use and how you can manage your preferences regarding their use.<\/span><\/p><p><strong>What are cookies?<\/strong><\/p><p><span style=\"font-weight: 400;\">Cookies are small text files that are stored on your device when you visit a website. These files allow the website to remember your actions and preferences (such as login, language, font size, and other display settings) over a period of time, so you don't have to reconfigure them every time you return to the site or navigate from one page to another.<\/span><\/p><p><strong>Types of cookies we use<\/strong><\/p><ol><li><span style=\"font-weight: 400;\"> Essential Cookies: These cookies are necessary for the website to function and cannot be disabled in our systems. Without them, some services you have requested could not be provided.<\/span><\/li><li><span style=\"font-weight: 400;\"> Performance cookies: They allow us to count visits and traffic sources so that we can measure and improve the performance of our site. All information these cookies collect is anonymous and helps us understand how our website is being used.<\/span><\/li><li><span style=\"font-weight: 400;\"> Functional cookies: They allow the website to offer better functionality and personalization. They may be set by us or by third parties whose services we have added to our pages.<\/span><\/li><li><span style=\"font-weight: 400;\"> Advertising Cookies: These cookies may be set through our site by our advertising partners. They are used to build a profile of your interests and show you relevant ads on other websites.<\/span><\/li><\/ol><p>\u00a0<\/p><p><strong>Cookie management<\/strong><\/p><p><span style=\"font-weight: 400;\">You can set your browser to block or alert you about these cookies, but some parts of the site will not function properly if you do this. Below, we tell you how you can manage cookies in the most common browsers:<\/span><\/p><p><span style=\"font-weight: 400;\">* Google Chrome: Cookie settings in Chrome<\/span><\/p><p><span style=\"font-weight: 400;\">* Mozilla Firefox: Cookie settings in Firefox<\/span><\/p><p><span style=\"font-weight: 400;\">* Microsoft Edge: Cookie settings in Edge<\/span><\/p><p><span style=\"font-weight: 400;\">* Safari: Cookie settings in Safari<\/span><\/p><p>\u00a0<\/p><p><strong>Changes in the cookie policy<\/strong><\/p><p><span style=\"font-weight: 400;\">We reserve the right to update this Cookies Policy to reflect changes to our practices and services. We recommend that you review this page periodically to be aware of any modifications.<\/span><\/p>\t\t\t\t\t\t\t\t<\/div>\n\t\t\t\t<\/div>\n\t\t\t\t\t<\/div>\n\t\t<\/div>\n\t\t\t\t\t<\/div>\n\t\t<\/section>\n\t\t\t\t<\/div>","protected":false},"excerpt":{"rendered":"<p>Pol\u00edtica de Cookies En nuestro sitio web, utilizamos cookies para mejorar tu experiencia de navegaci\u00f3n y ofrecerte un servicio m\u00e1s personalizado. A continuaci\u00f3n, te explicamos qu\u00e9 son las cookies, qu\u00e9 tipos de cookies utilizamos y c\u00f3mo puedes gestionar tus preferencias respecto a su uso. \u00bfQu\u00e9 son las cookies? Las cookies son peque\u00f1os archivos de texto [&hellip;]<\/p>","protected":false},"author":2,"featured_media":0,"parent":0,"menu_order":0,"comment_status":"closed","ping_status":"closed","template":"elementor_header_footer","meta":{"footnotes":""},"class_list":["post-4541","page","type-page","status-publish","hentry"],"acf":[],"yoast_head":"<!-- This site is optimized with the Yoast SEO Premium plugin v22.9 (Yoast SEO v26.9) - https:\/\/yoast.com\/product\/yoast-seo-premium-wordpress\/ -->\n<title>Pol\u00edtica de Cookies - EKR M\u00e9xico Centro<\/title>\n<meta name=\"robots\" content=\"index, follow, max-snippet:-1, max-image-preview:large, max-video-preview:-1\" \/>\n<link rel=\"canonical\" href=\"https:\/\/ekrmexico.org\/en\/politica-de-cookies\/\" \/>\n<meta property=\"og:locale\" content=\"en_US\" \/>\n<meta property=\"og:type\" content=\"article\" \/>\n<meta property=\"og:title\" content=\"Pol\u00edtica de Cookies\" \/>\n<meta property=\"og:description\" content=\"Pol\u00edtica de Cookies En nuestro sitio web, utilizamos cookies para mejorar tu experiencia de navegaci\u00f3n y ofrecerte un servicio m\u00e1s personalizado. A continuaci\u00f3n, te explicamos qu\u00e9 son las cookies, qu\u00e9 tipos de cookies utilizamos y c\u00f3mo puedes gestionar tus preferencias respecto a su uso. \u00bfQu\u00e9 son las cookies? Las cookies son peque\u00f1os archivos de texto [&hellip;]\" \/>\n<meta property=\"og:url\" content=\"https:\/\/ekrmexico.org\/en\/politica-de-cookies\/\" \/>\n<meta property=\"og:site_name\" content=\"EKR M\u00e9xico Centro\" \/>\n<meta property=\"article:modified_time\" content=\"2024-08-15T23:18:57+00:00\" \/>\n<meta name=\"twitter:card\" content=\"summary_large_image\" \/>\n<meta name=\"twitter:label1\" content=\"Est. reading time\" \/>\n\t<meta name=\"twitter:data1\" content=\"2 minutes\" \/>\n<script type=\"application\/ld+json\" class=\"yoast-schema-graph\">{\"@context\":\"https:\/\/schema.org\",\"@graph\":[{\"@type\":\"WebPage\",\"@id\":\"https:\/\/ekrmexico.org\/politica-de-cookies\/\",\"url\":\"https:\/\/ekrmexico.org\/politica-de-cookies\/\",\"name\":\"Pol\u00edtica de Cookies - EKR M\u00e9xico Centro\",\"isPartOf\":{\"@id\":\"https:\/\/ekrmexico.org\/#website\"},\"datePublished\":\"2024-08-15T23:16:53+00:00\",\"dateModified\":\"2024-08-15T23:18:57+00:00\",\"breadcrumb\":{\"@id\":\"https:\/\/ekrmexico.org\/politica-de-cookies\/#breadcrumb\"},\"inLanguage\":\"en-US\",\"potentialAction\":[{\"@type\":\"ReadAction\",\"target\":[\"https:\/\/ekrmexico.org\/politica-de-cookies\/\"]}]},{\"@type\":\"BreadcrumbList\",\"@id\":\"https:\/\/ekrmexico.org\/politica-de-cookies\/#breadcrumb\",\"itemListElement\":[{\"@type\":\"ListItem\",\"position\":1,\"name\":\"Inicio\",\"item\":\"https:\/\/ekrmexico.org\/\"},{\"@type\":\"ListItem\",\"position\":2,\"name\":\"Pol\u00edtica de Cookies\"}]},{\"@type\":\"WebSite\",\"@id\":\"https:\/\/ekrmexico.org\/#website\",\"url\":\"https:\/\/ekrmexico.org\/\",\"name\":\"EKR M\u00e9xico Centro\",\"description\":\"evolving our death culture\",\"potentialAction\":[{\"@type\":\"SearchAction\",\"target\":{\"@type\":\"EntryPoint\",\"urlTemplate\":\"https:\/\/ekrmexico.org\/?s={search_term_string}\"},\"query-input\":{\"@type\":\"PropertyValueSpecification\",\"valueRequired\":true,\"valueName\":\"search_term_string\"}}],\"inLanguage\":\"en-US\"}]}<\/script>\n<!-- \/ Yoast SEO Premium plugin. -->","yoast_head_json":{"title":"Pol\u00edtica de Cookies - EKR M\u00e9xico Centro","robots":{"index":"index","follow":"follow","max-snippet":"max-snippet:-1","max-image-preview":"max-image-preview:large","max-video-preview":"max-video-preview:-1"},"canonical":"https:\/\/ekrmexico.org\/en\/politica-de-cookies\/","og_locale":"en_US","og_type":"article","og_title":"Pol\u00edtica de Cookies","og_description":"Pol\u00edtica de Cookies En nuestro sitio web, utilizamos cookies para mejorar tu experiencia de navegaci\u00f3n y ofrecerte un servicio m\u00e1s personalizado. A continuaci\u00f3n, te explicamos qu\u00e9 son las cookies, qu\u00e9 tipos de cookies utilizamos y c\u00f3mo puedes gestionar tus preferencias respecto a su uso. \u00bfQu\u00e9 son las cookies? Las cookies son peque\u00f1os archivos de texto [&hellip;]","og_url":"https:\/\/ekrmexico.org\/en\/politica-de-cookies\/","og_site_name":"EKR M\u00e9xico Centro","article_modified_time":"2024-08-15T23:18:57+00:00","twitter_card":"summary_large_image","twitter_misc":{"Est. reading time":"2 minutes"},"schema":{"@context":"https:\/\/schema.org","@graph":[{"@type":"WebPage","@id":"https:\/\/ekrmexico.org\/politica-de-cookies\/","url":"https:\/\/ekrmexico.org\/politica-de-cookies\/","name":"Pol\u00edtica de Cookies - EKR M\u00e9xico Centro","isPartOf":{"@id":"https:\/\/ekrmexico.org\/#website"},"datePublished":"2024-08-15T23:16:53+00:00","dateModified":"2024-08-15T23:18:57+00:00","breadcrumb":{"@id":"https:\/\/ekrmexico.org\/politica-de-cookies\/#breadcrumb"},"inLanguage":"en-US","potentialAction":[{"@type":"ReadAction","target":["https:\/\/ekrmexico.org\/politica-de-cookies\/"]}]},{"@type":"BreadcrumbList","@id":"https:\/\/ekrmexico.org\/politica-de-cookies\/#breadcrumb","itemListElement":[{"@type":"ListItem","position":1,"name":"Inicio","item":"https:\/\/ekrmexico.org\/"},{"@type":"ListItem","position":2,"name":"Pol\u00edtica de Cookies"}]},{"@type":"WebSite","@id":"https:\/\/ekrmexico.org\/#website","url":"https:\/\/ekrmexico.org\/","name":"EKR M\u00e9xico Centro","description":"evolving our death culture","potentialAction":[{"@type":"SearchAction","target":{"@type":"EntryPoint","urlTemplate":"https:\/\/ekrmexico.org\/?s={search_term_string}"},"query-input":{"@type":"PropertyValueSpecification","valueRequired":true,"valueName":"search_term_string"}}],"inLanguage":"en-US"}]}},"_links":{"self":[{"href":"https:\/\/ekrmexico.org\/en\/wp-json\/wp\/v2\/pages\/4541","targetHints":{"allow":["GET"]}}],"collection":[{"href":"https:\/\/ekrmexico.org\/en\/wp-json\/wp\/v2\/pages"}],"about":[{"href":"https:\/\/ekrmexico.org\/en\/wp-json\/wp\/v2\/types\/page"}],"author":[{"embeddable":true,"href":"https:\/\/ekrmexico.org\/en\/wp-json\/wp\/v2\/users\/2"}],"replies":[{"embeddable":true,"href":"https:\/\/ekrmexico.org\/en\/wp-json\/wp\/v2\/comments?post=4541"}],"version-history":[{"count":4,"href":"https:\/\/ekrmexico.org\/en\/wp-json\/wp\/v2\/pages\/4541\/revisions"}],"predecessor-version":[{"id":4545,"href":"https:\/\/ekrmexico.org\/en\/wp-json\/wp\/v2\/pages\/4541\/revisions\/4545"}],"wp:attachment":[{"href":"https:\/\/ekrmexico.org\/en\/wp-json\/wp\/v2\/media?parent=4541"}],"curies":[{"name":"wp","href":"https:\/\/api.w.org\/{rel}","templated":true}]}}